{"id":1731,"date":"2023-11-24T13:22:18","date_gmt":"2023-11-24T13:22:18","guid":{"rendered":"https:\/\/jacoblahn.dk\/?page_id=1731"},"modified":"2024-12-13T06:24:30","modified_gmt":"2024-12-13T06:24:30","slug":"ydelser","status":"publish","type":"page","link":"https:\/\/jacoblahn.dk\/?page_id=1731","title":{"rendered":"Ydelser"},"content":{"rendered":"<style>.kb-row-layout-id1731_320421-95 > .kt-row-column-wrap{align-content:start;}:where(.kb-row-layout-id1731_320421-95 > .kt-row-column-wrap) > .wp-block-kadence-column{justify-content:start;}.kb-row-layout-id1731_320421-95 > .kt-row-column-wrap{column-gap:var(--global-kb-gap-lg, 4rem);row-gap:var(--global-kb-gap-md, 2rem);max-width:var( --global-content-width, 1290px );padding-left:var(--global-content-edge-padding);padding-right:var(--global-content-edge-padding);padding-top:var(--global-kb-spacing-3xl, 6.5rem);padding-bottom:var(--global-kb-spacing-3xl, 6.5rem);}.kb-row-layout-id1731_320421-95 > .kt-row-column-wrap > div:not(.added-for-specificity){grid-column:initial;}.kb-row-layout-id1731_320421-95 > .kt-row-column-wrap{grid-template-columns:repeat(4, minmax(0, 1fr));}.kb-row-layout-id1731_320421-95 > .kt-row-layout-overlay{opacity:0.30;}@media all and (max-width: 1024px){.kb-row-layout-id1731_320421-95 > .kt-row-column-wrap > div:not(.added-for-specificity){grid-column:initial;}}@media all and (max-width: 1024px){.kb-row-layout-id1731_320421-95 > .kt-row-column-wrap{grid-template-columns:repeat(2, minmax(0, 1fr));}}@media all and (max-width: 767px){.kb-row-layout-id1731_320421-95 > .kt-row-column-wrap > div:not(.added-for-specificity){grid-column:initial;}.kb-row-layout-id1731_320421-95 > .kt-row-column-wrap{grid-template-columns:minmax(0, 1fr);}}<\/style><div class=\"kb-row-layout-wrap kb-row-layout-id1731_320421-95 alignfull has-theme-palette9-background-color kt-row-has-bg wp-block-kadence-rowlayout\"><div class=\"kt-row-column-wrap kt-has-4-columns kt-row-layout-equal kt-tab-layout-two-grid kt-mobile-layout-row kt-row-valign-top kb-theme-content-width\">\n<style>.kadence-column1731_3755b8-2e > .kt-inside-inner-col,.kadence-column1731_3755b8-2e > .kt-inside-inner-col:before{border-top-left-radius:0px;border-top-right-radius:0px;border-bottom-right-radius:0px;border-bottom-left-radius:0px;}.kadence-column1731_3755b8-2e > .kt-inside-inner-col{column-gap:var(--global-kb-gap-sm, 1rem);}.kadence-column1731_3755b8-2e > .kt-inside-inner-col{flex-direction:column;}.kadence-column1731_3755b8-2e > .kt-inside-inner-col > .aligncenter{width:100%;}.kadence-column1731_3755b8-2e > .kt-inside-inner-col:before{opacity:0.3;}.kadence-column1731_3755b8-2e{position:relative;}@media all and (max-width: 1024px){.kadence-column1731_3755b8-2e > .kt-inside-inner-col{flex-direction:column;justify-content:center;}}@media all and (max-width: 767px){.kadence-column1731_3755b8-2e > .kt-inside-inner-col{flex-direction:column;justify-content:center;}}<\/style>\n<div class=\"wp-block-kadence-column kadence-column1731_3755b8-2e inner-column-1\"><div class=\"kt-inside-inner-col\"><style>.wp-block-kadence-advancedheading.kt-adv-heading1731_4ad72f-a1, .wp-block-kadence-advancedheading.kt-adv-heading1731_4ad72f-a1[data-kb-block=\"kb-adv-heading1731_4ad72f-a1\"]{margin-top:0px;margin-bottom:var(--global-kb-spacing-xs, 1rem);text-align:center;font-size:var(--global-kb-font-size-md, 1.25rem);font-style:normal;}.wp-block-kadence-advancedheading.kt-adv-heading1731_4ad72f-a1 mark.kt-highlight, .wp-block-kadence-advancedheading.kt-adv-heading1731_4ad72f-a1[data-kb-block=\"kb-adv-heading1731_4ad72f-a1\"] mark.kt-highlight{font-style:normal;color:#f76a0c;-webkit-box-decoration-break:clone;box-decoration-break:clone;padding-top:0px;padding-right:0px;padding-bottom:0px;padding-left:0px;}.wp-block-kadence-advancedheading.kt-adv-heading1731_4ad72f-a1 img.kb-inline-image, .wp-block-kadence-advancedheading.kt-adv-heading1731_4ad72f-a1[data-kb-block=\"kb-adv-heading1731_4ad72f-a1\"] img.kb-inline-image{width:150px;vertical-align:baseline;}<\/style>\n<h2 class=\"kt-adv-heading1731_4ad72f-a1 wp-block-kadence-advancedheading has-theme-palette-3-color has-text-color\" data-kb-block=\"kb-adv-heading1731_4ad72f-a1\">Besk\u00e6ring og udtynding<\/h2>\n<\/div><\/div>\n\n\n<style>.kadence-column1731_2cd21c-c7 > .kt-inside-inner-col,.kadence-column1731_2cd21c-c7 > .kt-inside-inner-col:before{border-top-left-radius:0px;border-top-right-radius:0px;border-bottom-right-radius:0px;border-bottom-left-radius:0px;}.kadence-column1731_2cd21c-c7 > .kt-inside-inner-col{column-gap:var(--global-kb-gap-sm, 1rem);}.kadence-column1731_2cd21c-c7 > .kt-inside-inner-col{flex-direction:column;}.kadence-column1731_2cd21c-c7 > .kt-inside-inner-col > .aligncenter{width:100%;}.kadence-column1731_2cd21c-c7 > .kt-inside-inner-col:before{opacity:0.3;}.kadence-column1731_2cd21c-c7{position:relative;}@media all and (max-width: 1024px){.kadence-column1731_2cd21c-c7 > .kt-inside-inner-col{flex-direction:column;justify-content:center;}}@media all and (max-width: 767px){.kadence-column1731_2cd21c-c7 > .kt-inside-inner-col{flex-direction:column;justify-content:center;}}<\/style>\n<div class=\"wp-block-kadence-column kadence-column1731_2cd21c-c7 inner-column-1\"><div class=\"kt-inside-inner-col\"><style>.wp-block-kadence-advancedheading.kt-adv-heading1731_c37559-12, .wp-block-kadence-advancedheading.kt-adv-heading1731_c37559-12[data-kb-block=\"kb-adv-heading1731_c37559-12\"]{margin-top:0px;margin-bottom:var(--global-kb-spacing-xs, 1rem);text-align:center;font-size:var(--global-kb-font-size-md, 1.25rem);font-style:normal;}.wp-block-kadence-advancedheading.kt-adv-heading1731_c37559-12 mark.kt-highlight, .wp-block-kadence-advancedheading.kt-adv-heading1731_c37559-12[data-kb-block=\"kb-adv-heading1731_c37559-12\"] mark.kt-highlight{font-style:normal;color:#f76a0c;-webkit-box-decoration-break:clone;box-decoration-break:clone;padding-top:0px;padding-right:0px;padding-bottom:0px;padding-left:0px;}.wp-block-kadence-advancedheading.kt-adv-heading1731_c37559-12 img.kb-inline-image, .wp-block-kadence-advancedheading.kt-adv-heading1731_c37559-12[data-kb-block=\"kb-adv-heading1731_c37559-12\"] img.kb-inline-image{width:150px;vertical-align:baseline;}<\/style>\n<h2 class=\"kt-adv-heading1731_c37559-12 wp-block-kadence-advancedheading has-theme-palette-3-color has-text-color\" data-kb-block=\"kb-adv-heading1731_c37559-12\">Beplantning<\/h2>\n<\/div><\/div>\n\n\n<style>.kadence-column1731_7dc143-53 > .kt-inside-inner-col,.kadence-column1731_7dc143-53 > .kt-inside-inner-col:before{border-top-left-radius:0px;border-top-right-radius:0px;border-bottom-right-radius:0px;border-bottom-left-radius:0px;}.kadence-column1731_7dc143-53 > .kt-inside-inner-col{column-gap:var(--global-kb-gap-sm, 1rem);}.kadence-column1731_7dc143-53 > .kt-inside-inner-col{flex-direction:column;}.kadence-column1731_7dc143-53 > .kt-inside-inner-col > .aligncenter{width:100%;}.kadence-column1731_7dc143-53 > .kt-inside-inner-col:before{opacity:0.3;}.kadence-column1731_7dc143-53{position:relative;}@media all and (max-width: 1024px){.kadence-column1731_7dc143-53 > .kt-inside-inner-col{flex-direction:column;justify-content:center;}}@media all and (max-width: 767px){.kadence-column1731_7dc143-53 > .kt-inside-inner-col{flex-direction:column;justify-content:center;}}<\/style>\n<div class=\"wp-block-kadence-column kadence-column1731_7dc143-53 inner-column-1\"><div class=\"kt-inside-inner-col\"><style>.wp-block-kadence-advancedheading.kt-adv-heading1731_9fa889-88, .wp-block-kadence-advancedheading.kt-adv-heading1731_9fa889-88[data-kb-block=\"kb-adv-heading1731_9fa889-88\"]{margin-top:0px;margin-bottom:var(--global-kb-spacing-xs, 1rem);text-align:center;font-size:var(--global-kb-font-size-md, 1.25rem);font-style:normal;}.wp-block-kadence-advancedheading.kt-adv-heading1731_9fa889-88 mark.kt-highlight, .wp-block-kadence-advancedheading.kt-adv-heading1731_9fa889-88[data-kb-block=\"kb-adv-heading1731_9fa889-88\"] mark.kt-highlight{font-style:normal;color:#f76a0c;-webkit-box-decoration-break:clone;box-decoration-break:clone;padding-top:0px;padding-right:0px;padding-bottom:0px;padding-left:0px;}.wp-block-kadence-advancedheading.kt-adv-heading1731_9fa889-88 img.kb-inline-image, .wp-block-kadence-advancedheading.kt-adv-heading1731_9fa889-88[data-kb-block=\"kb-adv-heading1731_9fa889-88\"] img.kb-inline-image{width:150px;vertical-align:baseline;}<\/style>\n<h2 class=\"kt-adv-heading1731_9fa889-88 wp-block-kadence-advancedheading has-theme-palette-3-color has-text-color\" data-kb-block=\"kb-adv-heading1731_9fa889-88\">Havetegning og r\u00e5dgivning<\/h2>\n<\/div><\/div>\n\n\n<style>.kadence-column1731_9c7edb-2d > .kt-inside-inner-col,.kadence-column1731_9c7edb-2d > .kt-inside-inner-col:before{border-top-left-radius:0px;border-top-right-radius:0px;border-bottom-right-radius:0px;border-bottom-left-radius:0px;}.kadence-column1731_9c7edb-2d > .kt-inside-inner-col{column-gap:var(--global-kb-gap-sm, 1rem);}.kadence-column1731_9c7edb-2d > .kt-inside-inner-col{flex-direction:column;}.kadence-column1731_9c7edb-2d > .kt-inside-inner-col > .aligncenter{width:100%;}.kadence-column1731_9c7edb-2d > .kt-inside-inner-col:before{opacity:0.3;}.kadence-column1731_9c7edb-2d{position:relative;}@media all and (max-width: 1024px){.kadence-column1731_9c7edb-2d > .kt-inside-inner-col{flex-direction:column;justify-content:center;}}@media all and (max-width: 767px){.kadence-column1731_9c7edb-2d > .kt-inside-inner-col{flex-direction:column;justify-content:center;}}<\/style>\n<div class=\"wp-block-kadence-column kadence-column1731_9c7edb-2d inner-column-1\"><div class=\"kt-inside-inner-col\"><style>.wp-block-kadence-advancedheading.kt-adv-heading1731_1c501a-ab, .wp-block-kadence-advancedheading.kt-adv-heading1731_1c501a-ab[data-kb-block=\"kb-adv-heading1731_1c501a-ab\"]{margin-top:0px;margin-bottom:var(--global-kb-spacing-xs, 1rem);text-align:center;font-size:var(--global-kb-font-size-md, 1.25rem);font-style:normal;}.wp-block-kadence-advancedheading.kt-adv-heading1731_1c501a-ab mark.kt-highlight, .wp-block-kadence-advancedheading.kt-adv-heading1731_1c501a-ab[data-kb-block=\"kb-adv-heading1731_1c501a-ab\"] mark.kt-highlight{font-style:normal;color:#f76a0c;-webkit-box-decoration-break:clone;box-decoration-break:clone;padding-top:0px;padding-right:0px;padding-bottom:0px;padding-left:0px;}.wp-block-kadence-advancedheading.kt-adv-heading1731_1c501a-ab img.kb-inline-image, .wp-block-kadence-advancedheading.kt-adv-heading1731_1c501a-ab[data-kb-block=\"kb-adv-heading1731_1c501a-ab\"] img.kb-inline-image{width:150px;vertical-align:baseline;}<\/style>\n<h2 class=\"kt-adv-heading1731_1c501a-ab wp-block-kadence-advancedheading has-theme-palette-3-color has-text-color\" data-kb-block=\"kb-adv-heading1731_1c501a-ab\">Bel\u00e6gning<\/h2>\n<\/div><\/div>\n\n<\/div><\/div>\n\n\n<p><\/p>\n","protected":false},"excerpt":{"rendered":"<p>Besk\u00e6ring og udtynding Beplantning Havetegning og r\u00e5dgivning Bel\u00e6gning<\/p>\n","protected":false},"author":1,"featured_media":0,"parent":0,"menu_order":0,"comment_status":"closed","ping_status":"closed","template":"","meta":{"_kadence_starter_templates_imported_post":false,"_kad_post_transparent":"","_kad_post_title":"","_kad_post_layout":"","_kad_post_sidebar_id":"","_kad_post_content_style":"","_kad_post_vertical_padding":"","_kad_post_feature":"","_kad_post_feature_position":"","_kad_post_header":false,"_kad_post_footer":false,"footnotes":""},"class_list":["post-1731","page","type-page","status-publish","hentry"],"yoast_head":"<!-- This site is optimized with the Yoast SEO plugin v26.8 - https:\/\/yoast.com\/product\/yoast-seo-wordpress\/ -->\n<title>Ydelser - jacoblahn.dk<\/title>\n<meta name=\"robots\" content=\"index, follow, max-snippet:-1, max-image-preview:large, max-video-preview:-1\" \/>\n<link rel=\"canonical\" href=\"https:\/\/jacoblahn.dk\/?page_id=1731\" \/>\n<meta property=\"og:locale\" content=\"da_DK\" \/>\n<meta property=\"og:type\" content=\"article\" \/>\n<meta property=\"og:title\" content=\"Ydelser - jacoblahn.dk\" \/>\n<meta property=\"og:description\" content=\"Besk\u00e6ring og udtynding Beplantning Havetegning og r\u00e5dgivning Bel\u00e6gning\" \/>\n<meta property=\"og:url\" content=\"https:\/\/jacoblahn.dk\/?page_id=1731\" \/>\n<meta property=\"og:site_name\" content=\"jacoblahn.dk\" \/>\n<meta property=\"article:modified_time\" content=\"2024-12-13T06:24:30+00:00\" \/>\n<meta name=\"twitter:card\" content=\"summary_large_image\" \/>\n<meta name=\"twitter:label1\" content=\"Estimeret l\u00e6setid\" \/>\n\t<meta name=\"twitter:data1\" content=\"1 minut\" \/>\n<script type=\"application\/ld+json\" class=\"yoast-schema-graph\">{\"@context\":\"https:\/\/schema.org\",\"@graph\":[{\"@type\":\"WebPage\",\"@id\":\"https:\/\/jacoblahn.dk\/?page_id=1731\",\"url\":\"https:\/\/jacoblahn.dk\/?page_id=1731\",\"name\":\"Ydelser - jacoblahn.dk\",\"isPartOf\":{\"@id\":\"https:\/\/jacoblahn.dk\/#website\"},\"datePublished\":\"2023-11-24T13:22:18+00:00\",\"dateModified\":\"2024-12-13T06:24:30+00:00\",\"breadcrumb\":{\"@id\":\"https:\/\/jacoblahn.dk\/?page_id=1731#breadcrumb\"},\"inLanguage\":\"da-DK\",\"potentialAction\":[{\"@type\":\"ReadAction\",\"target\":[\"https:\/\/jacoblahn.dk\/?page_id=1731\"]}]},{\"@type\":\"BreadcrumbList\",\"@id\":\"https:\/\/jacoblahn.dk\/?page_id=1731#breadcrumb\",\"itemListElement\":[{\"@type\":\"ListItem\",\"position\":1,\"name\":\"Hjem\",\"item\":\"https:\/\/jacoblahn.dk\/\"},{\"@type\":\"ListItem\",\"position\":2,\"name\":\"Ydelser\"}]},{\"@type\":\"WebSite\",\"@id\":\"https:\/\/jacoblahn.dk\/#website\",\"url\":\"https:\/\/jacoblahn.dk\/\",\"name\":\"jacoblahn.dk\",\"description\":\"Din lokale anl&aelig;gsgartner\",\"potentialAction\":[{\"@type\":\"SearchAction\",\"target\":{\"@type\":\"EntryPoint\",\"urlTemplate\":\"https:\/\/jacoblahn.dk\/?s={search_term_string}\"},\"query-input\":{\"@type\":\"PropertyValueSpecification\",\"valueRequired\":true,\"valueName\":\"search_term_string\"}}],\"inLanguage\":\"da-DK\"}]}<\/script>\n<!-- \/ Yoast SEO plugin. -->","yoast_head_json":{"title":"Ydelser - jacoblahn.dk","robots":{"index":"index","follow":"follow","max-snippet":"max-snippet:-1","max-image-preview":"max-image-preview:large","max-video-preview":"max-video-preview:-1"},"canonical":"https:\/\/jacoblahn.dk\/?page_id=1731","og_locale":"da_DK","og_type":"article","og_title":"Ydelser - jacoblahn.dk","og_description":"Besk\u00e6ring og udtynding Beplantning Havetegning og r\u00e5dgivning Bel\u00e6gning","og_url":"https:\/\/jacoblahn.dk\/?page_id=1731","og_site_name":"jacoblahn.dk","article_modified_time":"2024-12-13T06:24:30+00:00","twitter_card":"summary_large_image","twitter_misc":{"Estimeret l\u00e6setid":"1 minut"},"schema":{"@context":"https:\/\/schema.org","@graph":[{"@type":"WebPage","@id":"https:\/\/jacoblahn.dk\/?page_id=1731","url":"https:\/\/jacoblahn.dk\/?page_id=1731","name":"Ydelser - jacoblahn.dk","isPartOf":{"@id":"https:\/\/jacoblahn.dk\/#website"},"datePublished":"2023-11-24T13:22:18+00:00","dateModified":"2024-12-13T06:24:30+00:00","breadcrumb":{"@id":"https:\/\/jacoblahn.dk\/?page_id=1731#breadcrumb"},"inLanguage":"da-DK","potentialAction":[{"@type":"ReadAction","target":["https:\/\/jacoblahn.dk\/?page_id=1731"]}]},{"@type":"BreadcrumbList","@id":"https:\/\/jacoblahn.dk\/?page_id=1731#breadcrumb","itemListElement":[{"@type":"ListItem","position":1,"name":"Hjem","item":"https:\/\/jacoblahn.dk\/"},{"@type":"ListItem","position":2,"name":"Ydelser"}]},{"@type":"WebSite","@id":"https:\/\/jacoblahn.dk\/#website","url":"https:\/\/jacoblahn.dk\/","name":"jacoblahn.dk","description":"Din lokale anl&aelig;gsgartner","potentialAction":[{"@type":"SearchAction","target":{"@type":"EntryPoint","urlTemplate":"https:\/\/jacoblahn.dk\/?s={search_term_string}"},"query-input":{"@type":"PropertyValueSpecification","valueRequired":true,"valueName":"search_term_string"}}],"inLanguage":"da-DK"}]}},"_links":{"self":[{"href":"https:\/\/jacoblahn.dk\/index.php?rest_route=\/wp\/v2\/pages\/1731","targetHints":{"allow":["GET"]}}],"collection":[{"href":"https:\/\/jacoblahn.dk\/index.php?rest_route=\/wp\/v2\/pages"}],"about":[{"href":"https:\/\/jacoblahn.dk\/index.php?rest_route=\/wp\/v2\/types\/page"}],"author":[{"embeddable":true,"href":"https:\/\/jacoblahn.dk\/index.php?rest_route=\/wp\/v2\/users\/1"}],"replies":[{"embeddable":true,"href":"https:\/\/jacoblahn.dk\/index.php?rest_route=%2Fwp%2Fv2%2Fcomments&post=1731"}],"version-history":[{"count":4,"href":"https:\/\/jacoblahn.dk\/index.php?rest_route=\/wp\/v2\/pages\/1731\/revisions"}],"predecessor-version":[{"id":2120,"href":"https:\/\/jacoblahn.dk\/index.php?rest_route=\/wp\/v2\/pages\/1731\/revisions\/2120"}],"wp:attachment":[{"href":"https:\/\/jacoblahn.dk\/index.php?rest_route=%2Fwp%2Fv2%2Fmedia&parent=1731"}],"curies":[{"name":"wp","href":"https:\/\/api.w.org\/{rel}","templated":true}]}}