{"id":1620,"date":"2023-09-25T10:15:45","date_gmt":"2023-09-25T10:15:45","guid":{"rendered":"https:\/\/jacoblahn.dk\/?page_id=1620"},"modified":"2024-05-07T10:22:33","modified_gmt":"2024-05-07T10:22:33","slug":"kontakt","status":"publish","type":"page","link":"https:\/\/jacoblahn.dk\/?page_id=1620","title":{"rendered":"Kontakt"},"content":{"rendered":"<style>.kb-row-layout-id1620_afc3a5-3e > .kt-row-column-wrap{align-content:start;}:where(.kb-row-layout-id1620_afc3a5-3e > .kt-row-column-wrap) > .wp-block-kadence-column{justify-content:start;}.kb-row-layout-id1620_afc3a5-3e > .kt-row-column-wrap{column-gap:var(--global-kb-gap-md, 2rem);row-gap:var(--global-kb-gap-md, 2rem);max-width:var( --global-content-width, 1290px );padding-left:var(--global-content-edge-padding);padding-right:var(--global-content-edge-padding);padding-top:var(--global-kb-spacing-sm, 1.5rem);padding-bottom:var(--global-kb-spacing-sm, 1.5rem);grid-template-columns:minmax(0, 1fr);}.kb-row-layout-id1620_afc3a5-3e > .kt-row-layout-overlay{opacity:0.30;}@media all and (max-width: 1024px){.kb-row-layout-id1620_afc3a5-3e > .kt-row-column-wrap{grid-template-columns:minmax(0, 1fr);}}@media all and (max-width: 767px){.kb-row-layout-id1620_afc3a5-3e > .kt-row-column-wrap{grid-template-columns:minmax(0, 1fr);}}<\/style><div class=\"kb-row-layout-wrap kb-row-layout-id1620_afc3a5-3e alignnone wp-block-kadence-rowlayout\"><div class=\"kt-row-column-wrap kt-has-1-columns kt-row-layout-equal kt-tab-layout-inherit kt-mobile-layout-row kt-row-valign-top kb-theme-content-width\">\n<style>.kadence-column1620_d5266c-af > .kt-inside-inner-col,.kadence-column1620_d5266c-af > .kt-inside-inner-col:before{border-top-left-radius:0px;border-top-right-radius:0px;border-bottom-right-radius:0px;border-bottom-left-radius:0px;}.kadence-column1620_d5266c-af > .kt-inside-inner-col{column-gap:var(--global-kb-gap-sm, 1rem);}.kadence-column1620_d5266c-af > .kt-inside-inner-col{flex-direction:column;}.kadence-column1620_d5266c-af > .kt-inside-inner-col > .aligncenter{width:100%;}.kadence-column1620_d5266c-af > .kt-inside-inner-col:before{opacity:0.3;}.kadence-column1620_d5266c-af{position:relative;}@media all and (max-width: 1024px){.kadence-column1620_d5266c-af > .kt-inside-inner-col{flex-direction:column;justify-content:center;}}@media all and (max-width: 767px){.kadence-column1620_d5266c-af > .kt-inside-inner-col{flex-direction:column;justify-content:center;}}<\/style>\n<div class=\"wp-block-kadence-column kadence-column1620_d5266c-af\"><div class=\"kt-inside-inner-col\"><style>.kb-image1620_a62138-b0.kb-image-is-ratio-size, .kb-image1620_a62138-b0 .kb-image-is-ratio-size{max-width:3000px;width:100%;}.wp-block-kadence-column > .kt-inside-inner-col > .kb-image1620_a62138-b0.kb-image-is-ratio-size, .wp-block-kadence-column > .kt-inside-inner-col > .kb-image1620_a62138-b0 .kb-image-is-ratio-size{align-self:unset;}.kb-image1620_a62138-b0{max-width:3000px;}.image-is-svg.kb-image1620_a62138-b0{-webkit-flex:0 1 100%;flex:0 1 100%;}.image-is-svg.kb-image1620_a62138-b0 img{width:100%;}.kb-image1620_a62138-b0 .kb-image-has-overlay:after{opacity:0.3;}<\/style>\n<figure class=\"wp-block-kadence-image kb-image1620_a62138-b0 size-full kb-image-is-ratio-size\"><div class=\"kb-is-ratio-image kb-image-ratio-land41\"><img loading=\"lazy\" decoding=\"async\" width=\"2560\" height=\"1920\" src=\"https:\/\/jacoblahn.dk\/wp-content\/uploads\/2024\/01\/enslevmark.jpeg\" alt=\"\" class=\"kb-img wp-image-1854\" srcset=\"https:\/\/jacoblahn.dk\/wp-content\/uploads\/2024\/01\/enslevmark.jpeg 2560w, https:\/\/jacoblahn.dk\/wp-content\/uploads\/2024\/01\/enslevmark-300x225.jpeg 300w, https:\/\/jacoblahn.dk\/wp-content\/uploads\/2024\/01\/enslevmark-1024x768.jpeg 1024w, https:\/\/jacoblahn.dk\/wp-content\/uploads\/2024\/01\/enslevmark-768x576.jpeg 768w, https:\/\/jacoblahn.dk\/wp-content\/uploads\/2024\/01\/enslevmark-1536x1152.jpeg 1536w, https:\/\/jacoblahn.dk\/wp-content\/uploads\/2024\/01\/enslevmark-2048x1536.jpeg 2048w\" sizes=\"auto, (max-width: 2560px) 100vw, 2560px\" \/><\/div><\/figure>\n<\/div><\/div>\n\n<\/div><\/div>\n\n<style>.kb-row-layout-id1620_41f4bc-a9 > .kt-row-column-wrap{align-content:start;}:where(.kb-row-layout-id1620_41f4bc-a9 > .kt-row-column-wrap) > .wp-block-kadence-column{justify-content:start;}.kb-row-layout-id1620_41f4bc-a9 > .kt-row-column-wrap{column-gap:var(--global-kb-gap-lg, 4rem);row-gap:var(--global-kb-gap-md, 2rem);max-width:var( --global-content-width, 1290px );padding-left:var(--global-content-edge-padding);padding-right:var(--global-content-edge-padding);padding-top:var(--global-kb-spacing-xl, 4rem);padding-bottom:var(--global-kb-spacing-xl, 4rem);grid-template-columns:minmax(0, calc(30% - ((var(--global-kb-gap-lg, 4rem) * 2 )\/3)))minmax(0, calc(50% - ((var(--global-kb-gap-lg, 4rem) * 2 )\/3)))minmax(0, calc(20% - ((var(--global-kb-gap-lg, 4rem) * 2 )\/3)));}.kb-row-layout-id1620_41f4bc-a9 > .kt-row-layout-overlay{opacity:0.30;}@media all and (max-width: 1024px){.kb-row-layout-id1620_41f4bc-a9 > .kt-row-column-wrap{row-gap:var(--global-kb-gap-sm, 1rem);grid-template-columns:repeat(3, minmax(0, 1fr));}}@media all and (max-width: 1024px){.kb-row-layout-id1620_41f4bc-a9 > .kt-row-column-wrap > div:not(.added-for-specificity){grid-column:initial;}}@media all and (max-width: 767px){.kb-row-layout-id1620_41f4bc-a9 > .kt-row-column-wrap{row-gap:var(--global-kb-gap-sm, 1rem);grid-template-columns:minmax(0, 1fr);}.kb-row-layout-id1620_41f4bc-a9 > .kt-row-column-wrap > div:not(.added-for-specificity){grid-column:initial;}}<\/style><div class=\"kb-row-layout-wrap kb-row-layout-id1620_41f4bc-a9 alignnone has-theme-palette9-background-color kt-row-has-bg wp-block-kadence-rowlayout\"><div class=\"kt-row-column-wrap kt-has-3-columns kt-row-layout-equal kt-tab-layout-inherit kt-mobile-layout-row kt-row-valign-top kb-theme-content-width\">\n<style>.kadence-column1620_0dc872-e3 > .kt-inside-inner-col,.kadence-column1620_0dc872-e3 > .kt-inside-inner-col:before{border-top-left-radius:0px;border-top-right-radius:0px;border-bottom-right-radius:0px;border-bottom-left-radius:0px;}.kadence-column1620_0dc872-e3 > .kt-inside-inner-col{column-gap:var(--global-kb-gap-sm, 1rem);}.kadence-column1620_0dc872-e3 > .kt-inside-inner-col{flex-direction:column;}.kadence-column1620_0dc872-e3 > .kt-inside-inner-col > .aligncenter{width:100%;}.kadence-column1620_0dc872-e3 > .kt-inside-inner-col:before{opacity:0.3;}.kadence-column1620_0dc872-e3{position:relative;}@media all and (max-width: 1024px){.kadence-column1620_0dc872-e3 > .kt-inside-inner-col{flex-direction:column;justify-content:center;}}@media all and (max-width: 767px){.kadence-column1620_0dc872-e3 > .kt-inside-inner-col{flex-direction:column;justify-content:center;}}<\/style>\n<div class=\"wp-block-kadence-column kadence-column1620_0dc872-e3\"><div class=\"kt-inside-inner-col\"><\/div><\/div>\n\n\n<style>.kadence-column1620_84d130-e3 > .kt-inside-inner-col{display:flex;}.kadence-column1620_84d130-e3 > .kt-inside-inner-col,.kadence-column1620_84d130-e3 > .kt-inside-inner-col:before{border-top-left-radius:0px;border-top-right-radius:0px;border-bottom-right-radius:0px;border-bottom-left-radius:0px;}.kadence-column1620_84d130-e3 > .kt-inside-inner-col{column-gap:var(--global-kb-gap-sm, 1rem);}.kadence-column1620_84d130-e3 > .kt-inside-inner-col{flex-direction:column;justify-content:center;align-items:flex-start;}.kadence-column1620_84d130-e3 > .kt-inside-inner-col > .kb-image-is-ratio-size{align-self:stretch;}.kadence-column1620_84d130-e3 > .kt-inside-inner-col > .wp-block-kadence-advancedgallery{align-self:stretch;}.kadence-column1620_84d130-e3 > .kt-inside-inner-col > .aligncenter{width:100%;}.kt-row-column-wrap > .kadence-column1620_84d130-e3{align-self:center;}.kt-inner-column-height-full:not(.kt-has-1-columns) > .wp-block-kadence-column.kadence-column1620_84d130-e3{align-self:auto;}.kt-inner-column-height-full:not(.kt-has-1-columns) > .wp-block-kadence-column.kadence-column1620_84d130-e3 > .kt-inside-inner-col{flex-direction:column;justify-content:center;}.kadence-column1620_84d130-e3 > .kt-inside-inner-col:before{opacity:0.3;}.kadence-column1620_84d130-e3{position:relative;}@media all and (max-width: 1024px){.kadence-column1620_84d130-e3 > .kt-inside-inner-col{padding-bottom:var(--global-kb-spacing-md, 2rem);flex-direction:column;justify-content:center;align-items:flex-start;}}@media all and (max-width: 1024px){.kt-row-column-wrap > .kadence-column1620_84d130-e3{align-self:center;}}@media all and (max-width: 1024px){.kt-inner-column-height-full:not(.kt-has-1-columns) > .wp-block-kadence-column.kadence-column1620_84d130-e3{align-self:auto;}}@media all and (max-width: 1024px){.kt-inner-column-height-full:not(.kt-has-1-columns) > .wp-block-kadence-column.kadence-column1620_84d130-e3 > .kt-inside-inner-col{flex-direction:column;justify-content:center;}}@media all and (max-width: 1024px){.kt-row-column-wrap.kt-tab-layout-three-grid > .kadence-column1620_84d130-e3, .kt-row-column-wrap.kt-tab-layout-two-grid > .kadence-column1620_84d130-e3, .kt-row-column-wrap.kt-tab-layout-row > .kadence-column1620_84d130-e3{order:1;}}@media all and (max-width: 767px){.kt-row-column-wrap > .kadence-column1620_84d130-e3{align-self:center;}.kt-inner-column-height-full:not(.kt-has-1-columns) > .wp-block-kadence-column.kadence-column1620_84d130-e3{align-self:auto;}.kt-inner-column-height-full:not(.kt-has-1-columns) > .wp-block-kadence-column.kadence-column1620_84d130-e3 > .kt-inside-inner-col{flex-direction:column;justify-content:center;}.kt-row-column-wrap.kt-mobile-layout-three-grid > .kadence-column1620_84d130-e3, .kt-row-column-wrap.kt-mobile-layout-two-grid > .kadence-column1620_84d130-e3, .kt-row-column-wrap.kt-mobile-layout-row > .kadence-column1620_84d130-e3{order:1 !important;}.kadence-column1620_84d130-e3 > .kt-inside-inner-col{flex-direction:column;justify-content:center;align-items:flex-start;}}<\/style>\n<div class=\"wp-block-kadence-column kadence-column1620_84d130-e3 kb-section-dir-vertical inner-column-1\"><div class=\"kt-inside-inner-col\"><style>.wp-block-kadence-advancedheading.kt-adv-heading1620_897e2e-00, .wp-block-kadence-advancedheading.kt-adv-heading1620_897e2e-00[data-kb-block=\"kb-adv-heading1620_897e2e-00\"]{padding-bottom:var(--global-kb-spacing-sm, 1.5rem);margin-bottom:0px;font-size:var(--global-kb-font-size-xl, 3rem);line-height:1.2;font-weight:400;font-style:normal;}.wp-block-kadence-advancedheading.kt-adv-heading1620_897e2e-00 mark.kt-highlight, .wp-block-kadence-advancedheading.kt-adv-heading1620_897e2e-00[data-kb-block=\"kb-adv-heading1620_897e2e-00\"] mark.kt-highlight{font-style:normal;color:#f76a0c;-webkit-box-decoration-break:clone;box-decoration-break:clone;padding-top:0px;padding-right:0px;padding-bottom:0px;padding-left:0px;}.wp-block-kadence-advancedheading.kt-adv-heading1620_897e2e-00 img.kb-inline-image, .wp-block-kadence-advancedheading.kt-adv-heading1620_897e2e-00[data-kb-block=\"kb-adv-heading1620_897e2e-00\"] img.kb-inline-image{width:150px;vertical-align:baseline;}<\/style>\n<h2 class=\"kt-adv-heading1620_897e2e-00 wp-block-kadence-advancedheading has-theme-palette-3-color has-text-color\" data-kb-block=\"kb-adv-heading1620_897e2e-00\"><strong>Kontakt mig<\/strong><\/h2>\n\n\n<style>.wp-block-kadence-advancedheading.kt-adv-heading1620_d51e32-2a, .wp-block-kadence-advancedheading.kt-adv-heading1620_d51e32-2a[data-kb-block=\"kb-adv-heading1620_d51e32-2a\"]{font-style:normal;}.wp-block-kadence-advancedheading.kt-adv-heading1620_d51e32-2a mark.kt-highlight, .wp-block-kadence-advancedheading.kt-adv-heading1620_d51e32-2a[data-kb-block=\"kb-adv-heading1620_d51e32-2a\"] mark.kt-highlight{font-style:normal;color:#f76a0c;-webkit-box-decoration-break:clone;box-decoration-break:clone;padding-top:0px;padding-right:0px;padding-bottom:0px;padding-left:0px;}.wp-block-kadence-advancedheading.kt-adv-heading1620_d51e32-2a img.kb-inline-image, .wp-block-kadence-advancedheading.kt-adv-heading1620_d51e32-2a[data-kb-block=\"kb-adv-heading1620_d51e32-2a\"] img.kb-inline-image{width:150px;vertical-align:baseline;}<\/style>\n<p class=\"kt-adv-heading1620_d51e32-2a wp-block-kadence-advancedheading has-theme-palette-3-color has-text-color\" data-kb-block=\"kb-adv-heading1620_d51e32-2a\">Har du sp\u00f8rgsm\u00e5l, eller \u00f8nsker du et uforpligtende tilbud, er du altid velkommen til at ringe eller skrive til mig. <\/p>\n\n\n<style>.wp-block-kadence-iconlist.kt-svg-icon-list-items1620_7074c9-f2:not(.this-stops-third-party-issues){margin-top:0px;margin-bottom:0px;}.wp-block-kadence-iconlist.kt-svg-icon-list-items1620_7074c9-f2 ul.kt-svg-icon-list:not(.this-prevents-issues):not(.this-stops-third-party-issues):not(.tijsloc){margin-top:0px;margin-right:0px;margin-bottom:var(--global-kb-spacing-sm, 1.5rem);margin-left:0px;}.wp-block-kadence-iconlist.kt-svg-icon-list-items1620_7074c9-f2 ul.kt-svg-icon-list{grid-row-gap:5px;}.wp-block-kadence-iconlist.kt-svg-icon-list-items1620_7074c9-f2 ul.kt-svg-icon-list .kt-svg-icon-list-item-wrap .kt-svg-icon-list-single{margin-right:10px;}.kt-svg-icon-list-items1620_7074c9-f2 ul.kt-svg-icon-list .kt-svg-icon-list-item-wrap, .kt-svg-icon-list-items1620_7074c9-f2 ul.kt-svg-icon-list .kt-svg-icon-list-item-wrap a{line-height:25px;}.kt-svg-icon-list-items1620_7074c9-f2 ul.kt-svg-icon-list .kt-svg-icon-list-level-0 .kt-svg-icon-list-single svg{font-size:20px;}<\/style>\n<div class=\"wp-block-kadence-iconlist kt-svg-icon-list-items kt-svg-icon-list-items1620_7074c9-f2 kt-svg-icon-list-columns-1 alignnone\"><ul class=\"kt-svg-icon-list\"><style>.kt-svg-icon-list-item-1620_5de95e-a9 .kt-svg-icon-list-single{font-size:28px !important;color:var(--global-palette1, #3182CE) !important;}.kt-svg-icon-list-item-1620_5de95e-a9 .kt-svg-icon-list-text mark.kt-highlight{background-color:unset;font-style:normal;color:#f76a0c;-webkit-box-decoration-break:clone;box-decoration-break:clone;padding-top:0px;padding-right:0px;padding-bottom:0px;padding-left:0px;}<\/style>\n<li class=\"wp-block-kadence-listitem kt-svg-icon-list-item-wrap kt-svg-icon-list-item-1620_5de95e-a9\"><span class=\"kb-svg-icon-wrap kb-svg-icon-fe_phone kt-svg-icon-list-single\"><svg viewBox=\"0 0 24 24\"  fill=\"none\" stroke=\"currentColor\" stroke-width=\"2\" stroke-linecap=\"round\" stroke-linejoin=\"round\" xmlns=\"http:\/\/www.w3.org\/2000\/svg\"  aria-hidden=\"true\"><path d=\"M22 16.92v3a2 2 0 0 1-2.18 2 19.79 19.79 0 0 1-8.63-3.07 19.5 19.5 0 0 1-6-6 19.79 19.79 0 0 1-3.07-8.67A2 2 0 0 1 4.11 2h3a2 2 0 0 1 2 1.72 12.84 12.84 0 0 0 .7 2.81 2 2 0 0 1-.45 2.11L8.09 9.91a16 16 0 0 0 6 6l1.27-1.27a2 2 0 0 1 2.11-.45 12.84 12.84 0 0 0 2.81.7A2 2 0 0 1 22 16.92z\"\/><\/svg><\/span><span class=\"kt-svg-icon-list-text\"><strong>2219-5262<\/strong><\/span><\/li>\n\n\n<style>.kt-svg-icon-list-item-1620_bf5e67-fd .kt-svg-icon-list-single{font-size:28px !important;color:var(--global-palette1, #3182CE) !important;}.kt-svg-icon-list-item-1620_bf5e67-fd .kt-svg-icon-list-text mark.kt-highlight{background-color:unset;font-style:normal;color:#f76a0c;-webkit-box-decoration-break:clone;box-decoration-break:clone;padding-top:0px;padding-right:0px;padding-bottom:0px;padding-left:0px;}<\/style>\n<li class=\"wp-block-kadence-listitem kt-svg-icon-list-item-wrap kt-svg-icon-list-item-1620_bf5e67-fd\"><span class=\"kb-svg-icon-wrap kb-svg-icon-fe_mail kt-svg-icon-list-single\"><svg viewBox=\"0 0 24 24\"  fill=\"none\" stroke=\"currentColor\" stroke-width=\"2\" stroke-linecap=\"round\" stroke-linejoin=\"round\" xmlns=\"http:\/\/www.w3.org\/2000\/svg\"  aria-hidden=\"true\"><path d=\"M4 4h16c1.1 0 2 .9 2 2v12c0 1.1-.9 2-2 2H4c-1.1 0-2-.9-2-2V6c0-1.1.9-2 2-2z\"\/><polyline points=\"22,6 12,13 2,6\"\/><\/svg><\/span><span class=\"kt-svg-icon-list-text\"><strong>jacob@jacoblahn.dk<\/strong><\/span><\/li>\n\n\n<style>.kt-svg-icon-list-item-1620_061702-0c .kt-svg-icon-list-single{font-size:25px !important;color:var(--global-palette1, #3182CE) !important;}.kt-svg-icon-list-item-1620_061702-0c .kt-svg-icon-list-text mark.kt-highlight{background-color:unset;font-style:normal;color:#f76a0c;-webkit-box-decoration-break:clone;box-decoration-break:clone;padding-top:0px;padding-right:0px;padding-bottom:0px;padding-left:0px;}<\/style>\n<li class=\"wp-block-kadence-listitem kt-svg-icon-list-item-wrap kt-svg-icon-list-item-1620_061702-0c\"><span class=\"kb-svg-icon-wrap kb-svg-icon-fas_location-arrow kt-svg-icon-list-single\"><svg viewBox=\"0 0 512 512\"  fill=\"currentColor\" xmlns=\"http:\/\/www.w3.org\/2000\/svg\"  aria-hidden=\"true\"><path d=\"M444.52 3.52L28.74 195.42c-47.97 22.39-31.98 92.75 19.19 92.75h175.91v175.91c0 51.17 70.36 67.17 92.75 19.19l191.9-415.78c15.99-38.39-25.59-79.97-63.97-63.97z\"\/><\/svg><\/span><span class=\"kt-svg-icon-list-text\"><strong>Enslev Mark 2, 8500 Grenaa<\/strong><\/span><\/li>\n<\/ul><\/div>\n<\/div><\/div>\n\n\n<style>.kadence-column1620_689910-3c > .kt-inside-inner-col,.kadence-column1620_689910-3c > .kt-inside-inner-col:before{border-top-left-radius:0px;border-top-right-radius:0px;border-bottom-right-radius:0px;border-bottom-left-radius:0px;}.kadence-column1620_689910-3c > .kt-inside-inner-col{column-gap:var(--global-kb-gap-sm, 1rem);}.kadence-column1620_689910-3c > .kt-inside-inner-col{flex-direction:column;}.kadence-column1620_689910-3c > .kt-inside-inner-col > .aligncenter{width:100%;}.kadence-column1620_689910-3c > .kt-inside-inner-col:before{opacity:0.3;}.kadence-column1620_689910-3c{position:relative;}@media all and (max-width: 1024px){.kadence-column1620_689910-3c > .kt-inside-inner-col{flex-direction:column;justify-content:center;}}@media all and (max-width: 767px){.kadence-column1620_689910-3c > .kt-inside-inner-col{flex-direction:column;justify-content:center;}}<\/style>\n<div class=\"wp-block-kadence-column kadence-column1620_689910-3c\"><div class=\"kt-inside-inner-col\"><\/div><\/div>\n\n<\/div><\/div>","protected":false},"excerpt":{"rendered":"<p>Kontakt mig Har du sp\u00f8rgsm\u00e5l, eller \u00f8nsker du et uforpligtende tilbud, er du altid velkommen til at ringe eller skrive til mig.<\/p>\n","protected":false},"author":1,"featured_media":0,"parent":0,"menu_order":0,"comment_status":"closed","ping_status":"closed","template":"","meta":{"_kadence_starter_templates_imported_post":false,"_kad_post_transparent":"","_kad_post_title":"","_kad_post_layout":"","_kad_post_sidebar_id":"","_kad_post_content_style":"","_kad_post_vertical_padding":"","_kad_post_feature":"","_kad_post_feature_position":"","_kad_post_header":false,"_kad_post_footer":false,"footnotes":""},"class_list":["post-1620","page","type-page","status-publish","hentry"],"yoast_head":"<!-- This site is optimized with the Yoast SEO plugin v26.8 - https:\/\/yoast.com\/product\/yoast-seo-wordpress\/ -->\n<title>Kontakt - jacoblahn.dk<\/title>\n<meta name=\"robots\" content=\"index, follow, max-snippet:-1, max-image-preview:large, max-video-preview:-1\" \/>\n<link rel=\"canonical\" href=\"https:\/\/jacoblahn.dk\/?page_id=1620\" \/>\n<meta property=\"og:locale\" content=\"da_DK\" \/>\n<meta property=\"og:type\" content=\"article\" \/>\n<meta property=\"og:title\" content=\"Kontakt - jacoblahn.dk\" \/>\n<meta property=\"og:description\" content=\"Kontakt mig Har du sp\u00f8rgsm\u00e5l, eller \u00f8nsker du et uforpligtende tilbud, er du altid velkommen til at ringe eller skrive til mig.\" \/>\n<meta property=\"og:url\" content=\"https:\/\/jacoblahn.dk\/?page_id=1620\" \/>\n<meta property=\"og:site_name\" content=\"jacoblahn.dk\" \/>\n<meta property=\"article:modified_time\" content=\"2024-05-07T10:22:33+00:00\" \/>\n<meta property=\"og:image\" content=\"https:\/\/jacoblahn.dk\/wp-content\/uploads\/2024\/01\/enslevmark.jpeg\" \/>\n<meta name=\"twitter:card\" content=\"summary_large_image\" \/>\n<meta name=\"twitter:label1\" content=\"Estimeret l\u00e6setid\" \/>\n\t<meta name=\"twitter:data1\" content=\"1 minut\" \/>\n<script type=\"application\/ld+json\" class=\"yoast-schema-graph\">{\"@context\":\"https:\/\/schema.org\",\"@graph\":[{\"@type\":\"WebPage\",\"@id\":\"https:\/\/jacoblahn.dk\/?page_id=1620\",\"url\":\"https:\/\/jacoblahn.dk\/?page_id=1620\",\"name\":\"Kontakt - jacoblahn.dk\",\"isPartOf\":{\"@id\":\"https:\/\/jacoblahn.dk\/#website\"},\"primaryImageOfPage\":{\"@id\":\"https:\/\/jacoblahn.dk\/?page_id=1620#primaryimage\"},\"image\":{\"@id\":\"https:\/\/jacoblahn.dk\/?page_id=1620#primaryimage\"},\"thumbnailUrl\":\"https:\/\/jacoblahn.dk\/wp-content\/uploads\/2024\/01\/enslevmark.jpeg\",\"datePublished\":\"2023-09-25T10:15:45+00:00\",\"dateModified\":\"2024-05-07T10:22:33+00:00\",\"breadcrumb\":{\"@id\":\"https:\/\/jacoblahn.dk\/?page_id=1620#breadcrumb\"},\"inLanguage\":\"da-DK\",\"potentialAction\":[{\"@type\":\"ReadAction\",\"target\":[\"https:\/\/jacoblahn.dk\/?page_id=1620\"]}]},{\"@type\":\"ImageObject\",\"inLanguage\":\"da-DK\",\"@id\":\"https:\/\/jacoblahn.dk\/?page_id=1620#primaryimage\",\"url\":\"https:\/\/jacoblahn.dk\/wp-content\/uploads\/2024\/01\/enslevmark.jpeg\",\"contentUrl\":\"https:\/\/jacoblahn.dk\/wp-content\/uploads\/2024\/01\/enslevmark.jpeg\",\"width\":2560,\"height\":1920},{\"@type\":\"BreadcrumbList\",\"@id\":\"https:\/\/jacoblahn.dk\/?page_id=1620#breadcrumb\",\"itemListElement\":[{\"@type\":\"ListItem\",\"position\":1,\"name\":\"Hjem\",\"item\":\"https:\/\/jacoblahn.dk\/\"},{\"@type\":\"ListItem\",\"position\":2,\"name\":\"Kontakt\"}]},{\"@type\":\"WebSite\",\"@id\":\"https:\/\/jacoblahn.dk\/#website\",\"url\":\"https:\/\/jacoblahn.dk\/\",\"name\":\"jacoblahn.dk\",\"description\":\"Din lokale anl&aelig;gsgartner\",\"potentialAction\":[{\"@type\":\"SearchAction\",\"target\":{\"@type\":\"EntryPoint\",\"urlTemplate\":\"https:\/\/jacoblahn.dk\/?s={search_term_string}\"},\"query-input\":{\"@type\":\"PropertyValueSpecification\",\"valueRequired\":true,\"valueName\":\"search_term_string\"}}],\"inLanguage\":\"da-DK\"}]}<\/script>\n<!-- \/ Yoast SEO plugin. -->","yoast_head_json":{"title":"Kontakt - jacoblahn.dk","robots":{"index":"index","follow":"follow","max-snippet":"max-snippet:-1","max-image-preview":"max-image-preview:large","max-video-preview":"max-video-preview:-1"},"canonical":"https:\/\/jacoblahn.dk\/?page_id=1620","og_locale":"da_DK","og_type":"article","og_title":"Kontakt - jacoblahn.dk","og_description":"Kontakt mig Har du sp\u00f8rgsm\u00e5l, eller \u00f8nsker du et uforpligtende tilbud, er du altid velkommen til at ringe eller skrive til mig.","og_url":"https:\/\/jacoblahn.dk\/?page_id=1620","og_site_name":"jacoblahn.dk","article_modified_time":"2024-05-07T10:22:33+00:00","og_image":[{"url":"https:\/\/jacoblahn.dk\/wp-content\/uploads\/2024\/01\/enslevmark.jpeg","type":"","width":"","height":""}],"twitter_card":"summary_large_image","twitter_misc":{"Estimeret l\u00e6setid":"1 minut"},"schema":{"@context":"https:\/\/schema.org","@graph":[{"@type":"WebPage","@id":"https:\/\/jacoblahn.dk\/?page_id=1620","url":"https:\/\/jacoblahn.dk\/?page_id=1620","name":"Kontakt - jacoblahn.dk","isPartOf":{"@id":"https:\/\/jacoblahn.dk\/#website"},"primaryImageOfPage":{"@id":"https:\/\/jacoblahn.dk\/?page_id=1620#primaryimage"},"image":{"@id":"https:\/\/jacoblahn.dk\/?page_id=1620#primaryimage"},"thumbnailUrl":"https:\/\/jacoblahn.dk\/wp-content\/uploads\/2024\/01\/enslevmark.jpeg","datePublished":"2023-09-25T10:15:45+00:00","dateModified":"2024-05-07T10:22:33+00:00","breadcrumb":{"@id":"https:\/\/jacoblahn.dk\/?page_id=1620#breadcrumb"},"inLanguage":"da-DK","potentialAction":[{"@type":"ReadAction","target":["https:\/\/jacoblahn.dk\/?page_id=1620"]}]},{"@type":"ImageObject","inLanguage":"da-DK","@id":"https:\/\/jacoblahn.dk\/?page_id=1620#primaryimage","url":"https:\/\/jacoblahn.dk\/wp-content\/uploads\/2024\/01\/enslevmark.jpeg","contentUrl":"https:\/\/jacoblahn.dk\/wp-content\/uploads\/2024\/01\/enslevmark.jpeg","width":2560,"height":1920},{"@type":"BreadcrumbList","@id":"https:\/\/jacoblahn.dk\/?page_id=1620#breadcrumb","itemListElement":[{"@type":"ListItem","position":1,"name":"Hjem","item":"https:\/\/jacoblahn.dk\/"},{"@type":"ListItem","position":2,"name":"Kontakt"}]},{"@type":"WebSite","@id":"https:\/\/jacoblahn.dk\/#website","url":"https:\/\/jacoblahn.dk\/","name":"jacoblahn.dk","description":"Din lokale anl&aelig;gsgartner","potentialAction":[{"@type":"SearchAction","target":{"@type":"EntryPoint","urlTemplate":"https:\/\/jacoblahn.dk\/?s={search_term_string}"},"query-input":{"@type":"PropertyValueSpecification","valueRequired":true,"valueName":"search_term_string"}}],"inLanguage":"da-DK"}]}},"_links":{"self":[{"href":"https:\/\/jacoblahn.dk\/index.php?rest_route=\/wp\/v2\/pages\/1620","targetHints":{"allow":["GET"]}}],"collection":[{"href":"https:\/\/jacoblahn.dk\/index.php?rest_route=\/wp\/v2\/pages"}],"about":[{"href":"https:\/\/jacoblahn.dk\/index.php?rest_route=\/wp\/v2\/types\/page"}],"author":[{"embeddable":true,"href":"https:\/\/jacoblahn.dk\/index.php?rest_route=\/wp\/v2\/users\/1"}],"replies":[{"embeddable":true,"href":"https:\/\/jacoblahn.dk\/index.php?rest_route=%2Fwp%2Fv2%2Fcomments&post=1620"}],"version-history":[{"count":10,"href":"https:\/\/jacoblahn.dk\/index.php?rest_route=\/wp\/v2\/pages\/1620\/revisions"}],"predecessor-version":[{"id":2111,"href":"https:\/\/jacoblahn.dk\/index.php?rest_route=\/wp\/v2\/pages\/1620\/revisions\/2111"}],"wp:attachment":[{"href":"https:\/\/jacoblahn.dk\/index.php?rest_route=%2Fwp%2Fv2%2Fmedia&parent=1620"}],"curies":[{"name":"wp","href":"https:\/\/api.w.org\/{rel}","templated":true}]}}